{"id":2,"date":"2019-10-31T10:12:12","date_gmt":"2019-10-31T10:12:12","guid":{"rendered":"https:\/\/www.cuerosgamero.com\/?page_id=2"},"modified":"2022-09-21T23:00:29","modified_gmt":"2022-09-21T23:00:29","slug":"home","status":"publish","type":"page","link":"https:\/\/www.cuerosgamero.com\/en\/","title":{"rendered":"Home"},"content":{"rendered":"<div data-elementor-type=\"wp-page\" data-elementor-id=\"2\" class=\"elementor elementor-2\">\n\t\t\t\t\t\t\t\t\t<section class=\"elementor-section elementor-top-section elementor-element elementor-element-f62c57b home-slider elementor-section-boxed elementor-section-height-default elementor-section-height-default\" data-id=\"f62c57b\" data-element_type=\"section\">\r\n\t\t\t\r\n\t\t\t\t\t\t\t\t\t<div class=\"elementor-container elementor-column-gap-no porto-carousel owl-carousel has-ccols nav-pos-outside rounded-nav show-nav-hover ccols-1\" data-plugin-options=\"{&quot;margin&quot;:0,&quot;items&quot;:1,&quot;nav&quot;:true,&quot;dots&quot;:false,&quot;loop&quot;:false,&quot;mouseDrag&quot;:true,&quot;touchDrag&quot;:true,&quot;themeConfig&quot;:true,&quot;autoplay&quot;:true,&quot;autoplayTimeout&quot;:5000,&quot;autoplayHoverPause&quot;:true}\">\r\n\t\t\t\t\t\t\t\t\t\t\t<div class=\"elementor-column elementor-col-50 elementor-top-column elementor-element elementor-element-3ce647c\" data-id=\"3ce647c\" data-element_type=\"column\">\r\n\r\n\t\t\t\t\t<div class=\"elementor-widget-wrap elementor-element-populated\">\r\n\t\t\t\t\t\t\t\t<section class=\"elementor-section elementor-inner-section elementor-element elementor-element-8714007 elementor-section-boxed elementor-section-height-default elementor-section-height-default\" data-id=\"8714007\" data-element_type=\"section\">\r\n\t\t\t\r\n\t\t\t\t\t\t\t\t\t<div class=\"elementor-container elementor-column-gap-no porto-ibanner\">\r\n\t\t\t\t<img loading=\"lazy\" decoding=\"async\" src=\"https:\/\/www.cuerosgamero.com\/wp-content\/uploads\/2022\/09\/slide3.jpg\" alt=\"\" width=\"1120\" height=\"475\" class=\"porto-ibanner-img\" srcset=\"https:\/\/www.cuerosgamero.com\/wp-content\/uploads\/2022\/09\/slide3.jpg 1120w, https:\/\/www.cuerosgamero.com\/wp-content\/uploads\/2022\/09\/slide3-1024x434.jpg 1024w, https:\/\/www.cuerosgamero.com\/wp-content\/uploads\/2022\/09\/slide3-768x326.jpg 768w\" sizes=\"auto, (max-width: 1120px) 100vw, 1120px\">\t\t\t\t\t\t\t<div class=\"elementor-column elementor-col-100 elementor-inner-column elementor-element elementor-element-251e25e\" data-id=\"251e25e\" data-element_type=\"column\">\r\n\r\n\t\t\t\t\t<div class=\"porto-ibanner-layer elementor-widget-wrap elementor-element-populated\" style=\"left:8%;top: 50%;transform: translateY(-50%);\">\r\n\t\t\t\t\t\t\t\t<div class=\"elementor-element elementor-element-11a4da3 mb-2 elementor-widget elementor-widget-heading\" data-id=\"11a4da3\" data-element_type=\"widget\" data-widget_type=\"heading.default\">\n\t\t\t\t<div class=\"elementor-widget-container\">\n\t\t\t<style>\/*! elementor - v3.15.0 - 02-08-2023 *\/\n.elementor-heading-title{padding:0;margin:0;line-height:1}.elementor-widget-heading .elementor-heading-title[class*=elementor-size-]>a{color:inherit;font-size:inherit;line-height:inherit}.elementor-widget-heading .elementor-heading-title.elementor-size-small{font-size:15px}.elementor-widget-heading .elementor-heading-title.elementor-size-medium{font-size:19px}.elementor-widget-heading .elementor-heading-title.elementor-size-large{font-size:29px}.elementor-widget-heading .elementor-heading-title.elementor-size-xl{font-size:39px}.elementor-widget-heading .elementor-heading-title.elementor-size-xxl{font-size:59px}<\/style><h3 class=\"elementor-heading-title elementor-size-default\">Collection \/ Limited Edition<\/h3>\t\t<\/div>\n\t\t\t\t<\/div>\n\t\t\t\t<div class=\"elementor-element elementor-element-decca46 mb-3 mb-md-4 pl-xl-1 elementor-widget elementor-widget-heading\" data-id=\"decca46\" data-element_type=\"widget\" data-widget_type=\"heading.default\">\n\t\t\t\t<div class=\"elementor-widget-container\">\n\t\t\t<h4 class=\"elementor-heading-title elementor-size-default\"><small>Shipping<br>to all<\/small>PERU<\/h4>\t\t<\/div>\n\t\t\t\t<\/div>\n\t\t\t\t<div class=\"elementor-element elementor-element-3d0fafc pull-left w-auto m-r-sm pl-lg-1 pl-xl-2 elementor-widget elementor-widget-heading\" data-id=\"3d0fafc\" data-element_type=\"widget\" data-widget_type=\"heading.default\">\n\t\t\t\t<div class=\"elementor-widget-container\">\n\t\t\t<h6 class=\"elementor-heading-title elementor-size-default\">From<\/h6>\t\t<\/div>\n\t\t\t\t<\/div>\n\t\t\t\t<div class=\"elementor-element elementor-element-aa76090 pull-left w-auto mr-4 mr-xl-5 pr-lg-2 elementor-widget elementor-widget-heading\" data-id=\"aa76090\" data-element_type=\"widget\" data-widget_type=\"heading.default\">\n\t\t\t\t<div class=\"elementor-widget-container\">\n\t\t\t<h6 class=\"elementor-heading-title elementor-size-default\"><sup>S\/ <\/sup>420<sup>00<\/sup><\/h6>\t\t<\/div>\n\t\t\t\t<\/div>\n\t\t\t\t<div class=\"elementor-element elementor-element-48cb1fb elementor-widget elementor-widget-porto_button\" data-id=\"48cb1fb\" data-element_type=\"widget\" data-widget_type=\"porto_button.default\">\n\t\t\t\t<div class=\"elementor-widget-container\">\n\t\t\t<a aria-label=\"button\" class=\"btn btn-xl btn-dark btn-borders\" href=\"https:\/\/www.cuerosgamero.com\/en\/shop\/\"><span >Buy<\/span><\/a>\t\t<\/div>\n\t\t\t\t<\/div>\n\t\t\t\t\t<\/div>\r\n\t\t\t\t<\/div>\r\n\t\t\t\t\t\t<\/div>\r\n\t\t\t\t<\/section>\r\n\t\t\t\t\t<\/div>\r\n\t\t\t\t<\/div>\r\n\t\t\t\t<div class=\"elementor-column elementor-col-50 elementor-top-column elementor-element elementor-element-34bcb81\" data-id=\"34bcb81\" data-element_type=\"column\">\r\n\r\n\t\t\t\t\t<div class=\"elementor-widget-wrap elementor-element-populated\">\r\n\t\t\t\t\t\t\t\t<section class=\"elementor-section elementor-inner-section elementor-element elementor-element-d1d2399 elementor-section-boxed elementor-section-height-default elementor-section-height-default\" data-id=\"d1d2399\" data-element_type=\"section\">\r\n\t\t\t\r\n\t\t\t\t\t\t\t\t\t<div class=\"elementor-container elementor-column-gap-no porto-ibanner\">\r\n\t\t\t\t<img loading=\"lazy\" decoding=\"async\" src=\"https:\/\/www.cuerosgamero.com\/wp-content\/uploads\/2022\/08\/slide2.jpg\" alt=\"\" width=\"1120\" height=\"475\" class=\"porto-ibanner-img\" srcset=\"https:\/\/www.cuerosgamero.com\/wp-content\/uploads\/2022\/08\/slide2.jpg 1120w, https:\/\/www.cuerosgamero.com\/wp-content\/uploads\/2022\/08\/slide2-1024x434.jpg 1024w, https:\/\/www.cuerosgamero.com\/wp-content\/uploads\/2022\/08\/slide2-768x326.jpg 768w\" sizes=\"auto, (max-width: 1120px) 100vw, 1120px\">\t\t\t\t\t\t\t<div class=\"elementor-column elementor-col-100 elementor-inner-column elementor-element elementor-element-8722612\" data-id=\"8722612\" data-element_type=\"column\">\r\n\r\n\t\t\t\t\t<div class=\"porto-ibanner-layer elementor-widget-wrap elementor-element-populated\" style=\"right:8%;top: 50%;transform: translateY(-50%);\">\r\n\t\t\t\t\t\t\t\t<div class=\"elementor-element elementor-element-84d785a mb-0 elementor-widget elementor-widget-heading\" data-id=\"84d785a\" data-element_type=\"widget\" data-widget_type=\"heading.default\">\n\t\t\t\t<div class=\"elementor-widget-container\">\n\t\t\t<h3 class=\"elementor-heading-title elementor-size-default\">ALL<\/h3>\t\t<\/div>\n\t\t\t\t<\/div>\n\t\t\t\t<div class=\"elementor-element elementor-element-6207acc mb-2 elementor-widget elementor-widget-heading\" data-id=\"6207acc\" data-element_type=\"widget\" data-widget_type=\"heading.default\">\n\t\t\t\t<div class=\"elementor-widget-container\">\n\t\t\t<h4 class=\"elementor-heading-title elementor-size-default\">100% PERUVIAN<\/h4>\t\t<\/div>\n\t\t\t\t<\/div>\n\t\t\t\t<div class=\"elementor-element elementor-element-28d1d59 mb-3 pb-1 elementor-widget elementor-widget-heading\" data-id=\"28d1d59\" data-element_type=\"widget\" data-widget_type=\"heading.default\">\n\t\t\t\t<div class=\"elementor-widget-container\">\n\t\t\t<h4 class=\"elementor-heading-title elementor-size-default\">LEATHER<\/h4>\t\t<\/div>\n\t\t\t\t<\/div>\n\t\t\t\t<div class=\"elementor-element elementor-element-86f230d elementor-widget elementor-widget-porto_button\" data-id=\"86f230d\" data-element_type=\"widget\" data-widget_type=\"porto_button.default\">\n\t\t\t\t<div class=\"elementor-widget-container\">\n\t\t\t<a aria-label=\"button\" class=\"btn btn-xl btn-dark btn-modern btn-block\" href=\"https:\/\/www.cuerosgamero.com\/en\/shop\/\"><span >Buy<\/span><\/a>\t\t<\/div>\n\t\t\t\t<\/div>\n\t\t\t\t\t<\/div>\r\n\t\t\t\t<\/div>\r\n\t\t\t\t\t\t<\/div>\r\n\t\t\t\t<\/section>\r\n\t\t\t\t\t<\/div>\r\n\t\t\t\t<\/div>\r\n\t\t\t\t\t\t<\/div>\r\n\t\t\t\t<\/section>\r\n\t\t\t\t<section class=\"elementor-section elementor-top-section elementor-element elementor-element-0e3f344 pt-5 pb-3 elementor-section-boxed elementor-section-height-default elementor-section-height-default\" data-id=\"0e3f344\" data-element_type=\"section\">\r\n\t\t\t\r\n\t\t\t\t\t\t\t\t\t<div class=\"elementor-container elementor-column-gap-default\">\r\n\t\t\t\t\t\t\t\t\t\t\t<div class=\"elementor-column elementor-col-100 elementor-top-column elementor-element elementor-element-44024ca\" data-id=\"44024ca\" data-element_type=\"column\">\r\n\r\n\t\t\t\t\t<div class=\"elementor-widget-wrap elementor-element-populated\">\r\n\t\t\t\t\t\t\t\t<div class=\"elementor-element elementor-element-613fa65 elementor-widget elementor-widget-porto_product_categories\" data-id=\"613fa65\" data-element_type=\"widget\" data-widget_type=\"porto_product_categories.default\">\n\t\t\t\t<div class=\"elementor-widget-container\">\n\t\t\t<style>#porto-product-categories-3980 li.product-category .thumb-info-wrapper:after { background-color: rgba(27, 27, 23, 0.7); }#porto-product-categories-3980 li.product-category:hover .thumb-info-wrapper:after { background-color: rgba(27, 27, 23, 0.55); }<\/style><div id=\"porto-product-categories-3980\" class=\"porto-products wpb_content_element\"><h2 class=\"slider-title\"><span class=\"inline-title\">Styles<\/span><span class=\"line\"><\/span><\/h2><div class=\"slider-wrapper\"><div class=\"woocommerce columns-4\"><ul class=\"products products-container products-slider owl-carousel category-pos-middle category-text-center nav-pos-outside nav-style-4 show-nav-hover pcols-lg-4 pcols-md-3 pcols-xs-3 pcols-ls-2 pwidth-lg-4 pwidth-md-3 pwidth-xs-2 pwidth-ls-1 is-shortcode\"\n\t\tdata-plugin-options=\"{&quot;themeConfig&quot;:true,&quot;lg&quot;:4,&quot;md&quot;:3,&quot;xs&quot;:3,&quot;ls&quot;:2,&quot;nav&quot;:true}\" data-product_layout=\"product-outimage_aq_onimage with-padding\">\n\n<li class=\"product-category product-col\">\n\t\t<a href=\"https:\/\/www.cuerosgamero.com\/en\/product-category\/clasico\/\" aria-label=\"category\">\n\t\t<div class=\"thumb-info  align-center\">\n\t\t\t\t\t\t\t\t\t<div class=\"thumb-info-wrapper tf-none\">\n\t\t\t\t\t<img loading=\"lazy\" decoding=\"async\" src=\"https:\/\/www.cuerosgamero.com\/wp-content\/uploads\/2022\/08\/35b-300x300.jpg\" alt=\"Cl\u00e1sico\" width=\"300\" height=\"300\" \/>\t\t\t\t<\/div>\n\t\t\t\t\t\t\t\t\t\t\t\t\t<div class=\"thumb-info-wrap\">\n\t\t\t\t\t<div class=\"thumb-info-title\">\n\t\t\t\t\t\t\t\t\t\t\t\t\t\t\t\t<h3 class=\"sub-title thumb-info-inner\">Clasic<\/h3>\n\t\t\t\t\t\t\t\t\t\t\t\t\t\t\t\t\t\t<span class=\"thumb-info-type\">\n\t\t\t\t\t\t\t\t\t\t\t\t\t\t\t\t <mark class=\"count\">1<\/mark> product\t\t\t\t\t\t\t<\/span>\n\t\t\t\t\t\t\t\t\t\t\t\t\t\t\t\t\t\t\t<\/div>\n\t\t\t\t<\/div>\n\t\t\t\t\t<\/div>\n\t<\/a>\n\n\t\n\t<\/li>\n\n<li class=\"product-category product-col\">\n\t\t<a href=\"https:\/\/www.cuerosgamero.com\/en\/product-category\/casual\/\" aria-label=\"category\">\n\t\t<div class=\"thumb-info  align-center\">\n\t\t\t\t\t\t\t\t\t<div class=\"thumb-info-wrapper tf-none\">\n\t\t\t\t\t<img loading=\"lazy\" decoding=\"async\" src=\"https:\/\/www.cuerosgamero.com\/wp-content\/uploads\/2022\/08\/28d-300x300.jpg\" alt=\"Casual\" width=\"300\" height=\"300\" \/>\t\t\t\t<\/div>\n\t\t\t\t\t\t\t\t\t\t\t\t\t<div class=\"thumb-info-wrap\">\n\t\t\t\t\t<div class=\"thumb-info-title\">\n\t\t\t\t\t\t\t\t\t\t\t\t\t\t\t\t<h3 class=\"sub-title thumb-info-inner\">Casual<\/h3>\n\t\t\t\t\t\t\t\t\t\t\t\t\t\t\t\t\t\t<span class=\"thumb-info-type\">\n\t\t\t\t\t\t\t\t\t\t\t\t\t\t\t\t <mark class=\"count\">13<\/mark> products\t\t\t\t\t\t\t<\/span>\n\t\t\t\t\t\t\t\t\t\t\t\t\t\t\t\t\t\t\t<\/div>\n\t\t\t\t<\/div>\n\t\t\t\t\t<\/div>\n\t<\/a>\n\n\t\n\t<\/li>\n\n<li class=\"product-category product-col\">\n\t\t<a href=\"https:\/\/www.cuerosgamero.com\/en\/product-category\/elegante\/\" aria-label=\"category\">\n\t\t<div class=\"thumb-info  align-center\">\n\t\t\t\t\t\t\t\t\t<div class=\"thumb-info-wrapper tf-none\">\n\t\t\t\t\t<img loading=\"lazy\" decoding=\"async\" src=\"https:\/\/www.cuerosgamero.com\/wp-content\/uploads\/2022\/08\/40a-300x300.jpg\" alt=\"Elegante\" width=\"300\" height=\"300\" \/>\t\t\t\t<\/div>\n\t\t\t\t\t\t\t\t\t\t\t\t\t<div class=\"thumb-info-wrap\">\n\t\t\t\t\t<div class=\"thumb-info-title\">\n\t\t\t\t\t\t\t\t\t\t\t\t\t\t\t\t<h3 class=\"sub-title thumb-info-inner\">Elegant<\/h3>\n\t\t\t\t\t\t\t\t\t\t\t\t\t\t\t\t\t\t<span class=\"thumb-info-type\">\n\t\t\t\t\t\t\t\t\t\t\t\t\t\t\t\t <mark class=\"count\">3<\/mark> products\t\t\t\t\t\t\t<\/span>\n\t\t\t\t\t\t\t\t\t\t\t\t\t\t\t\t\t\t\t<\/div>\n\t\t\t\t<\/div>\n\t\t\t\t\t<\/div>\n\t<\/a>\n\n\t\n\t<\/li>\n\n<li class=\"product-category product-col\">\n\t\t<a href=\"https:\/\/www.cuerosgamero.com\/en\/product-category\/sport\/\" aria-label=\"category\">\n\t\t<div class=\"thumb-info  align-center\">\n\t\t\t\t\t\t\t\t\t<div class=\"thumb-info-wrapper tf-none\">\n\t\t\t\t\t<img loading=\"lazy\" decoding=\"async\" src=\"https:\/\/www.cuerosgamero.com\/wp-content\/uploads\/2022\/08\/23a-300x300.jpg\" alt=\"Sport\" width=\"300\" height=\"300\" \/>\t\t\t\t<\/div>\n\t\t\t\t\t\t\t\t\t\t\t\t\t<div class=\"thumb-info-wrap\">\n\t\t\t\t\t<div class=\"thumb-info-title\">\n\t\t\t\t\t\t\t\t\t\t\t\t\t\t\t\t<h3 class=\"sub-title thumb-info-inner\">Sport<\/h3>\n\t\t\t\t\t\t\t\t\t\t\t\t\t\t\t\t\t\t<span class=\"thumb-info-type\">\n\t\t\t\t\t\t\t\t\t\t\t\t\t\t\t\t <mark class=\"count\">23<\/mark> products\t\t\t\t\t\t\t<\/span>\n\t\t\t\t\t\t\t\t\t\t\t\t\t\t\t\t\t\t\t<\/div>\n\t\t\t\t<\/div>\n\t\t\t\t\t<\/div>\n\t<\/a>\n\n\t\n\t<\/li>\n<\/ul>\n<\/div><\/div><\/div>\t\t<\/div>\n\t\t\t\t<\/div>\n\t\t\t\t<div class=\"elementor-element elementor-element-2193eab elementor-widget elementor-widget-porto_products\" data-id=\"2193eab\" data-element_type=\"widget\" data-widget_type=\"porto_products.default\">\n\t\t\t\t<div class=\"elementor-widget-container\">\n\t\t\t<style scope=\"scope\">#porto-products-9899 .grid-col-1-2{ flex: 0 0 auto; width: 50%; }#porto-products-9899 .grid-col-1-4{ flex: 0 0 auto; width: 25%; }#porto-products-9899 .grid-col-sizer { flex: 0 0 auto; width: 25% }#porto-products-9899 .grid-height-1{ height: 600px }#porto-products-9899 .grid-height-1-2{ height: 300px }@media (max-width: 767px) {#porto-products-9899 .grid-col-md-1{ flex: 0 0 auto; width: 100%; }#porto-products-9899 .grid-col-md-1-2{ flex: 0 0 auto; width: 50%; }#porto-products-9899 .grid-col-sizer { flex: 0 0 50%; width: 50% }#porto-products-9899 .grid-height-1{ height: 400px; }#porto-products-9899 .grid-height-1-2{ height: 200px; }}@media (max-width: 480px) {#porto-products-9899 .product-col { flex: 0 0 auto; width: 100%; }}<\/style><div id=\"porto-products-9899\" class=\"porto-products wpb_content_element\"><h2 class=\"section-title\">Recommended products<\/h2><div class=\"woocommerce columns-4\"><ul class=\"products products-container grid-creative is-shortcode\"\n\t data-plugin-masonry data-plugin-options=\"{&quot;itemSelector&quot;:&quot;.product-col&quot;,&quot;masonry&quot;:{&quot;columnWidth&quot;:&quot;.grid-col-sizer&quot;}}\" data-product_layout=\"product-onimage3\">\n\n<li class=\"product-col product-onimage3 grid-col-1-2 grid-col-md-1 grid-height-1 product type-product post-764 status-publish first instock product_cat-casual product_tag-caballero product_tag-verde-oliva-matizado has-post-thumbnail featured shipping-taxable purchasable product-type-variable\">\n<div class=\"product-inner\">\n\t\n\t<div class=\"product-image\">\n\n\t\t<a  href=\"https:\/\/www.cuerosgamero.com\/en\/product\/andy-3\/\" aria-label=\"product\">\n\t\t\t<div class=\"inner img-effect\"><img loading=\"lazy\" decoding=\"async\" width=\"1024\" height=\"1024\" src=\"https:\/\/www.cuerosgamero.com\/wp-content\/uploads\/2022\/08\/28a-1024x1024.jpg\" class=\"wp-post-image\" alt=\"\" srcset=\"https:\/\/www.cuerosgamero.com\/wp-content\/uploads\/2022\/08\/28a-1024x1024.jpg 1024w, https:\/\/www.cuerosgamero.com\/wp-content\/uploads\/2022\/08\/28a-768x768.jpg 768w, https:\/\/www.cuerosgamero.com\/wp-content\/uploads\/2022\/08\/28a-640x640.jpg 640w, https:\/\/www.cuerosgamero.com\/wp-content\/uploads\/2022\/08\/28a-400x400.jpg 400w, https:\/\/www.cuerosgamero.com\/wp-content\/uploads\/2022\/08\/28a-600x600.jpg 600w\" sizes=\"auto, (max-width: 1024px) 100vw, 1024px\" \/><img loading=\"lazy\" decoding=\"async\" width=\"1024\" height=\"1024\" src=\"https:\/\/www.cuerosgamero.com\/wp-content\/uploads\/2022\/08\/28b-1024x1024.jpg\" class=\"hover-image\" alt=\"\" srcset=\"https:\/\/www.cuerosgamero.com\/wp-content\/uploads\/2022\/08\/28b-1024x1024.jpg 1024w, https:\/\/www.cuerosgamero.com\/wp-content\/uploads\/2022\/08\/28b-768x768.jpg 768w, https:\/\/www.cuerosgamero.com\/wp-content\/uploads\/2022\/08\/28b-640x640.jpg 640w, https:\/\/www.cuerosgamero.com\/wp-content\/uploads\/2022\/08\/28b-400x400.jpg 400w, https:\/\/www.cuerosgamero.com\/wp-content\/uploads\/2022\/08\/28b-600x600.jpg 600w\" sizes=\"auto, (max-width: 1024px) 100vw, 1024px\" \/><\/div>\t\t<\/a>\n\t\t\t<div class=\"links-on-image\">\n\t\t\t<div class=\"add-links-wrap\">\n\t<div class=\"add-links clearfix\">\n\t\t<a href=\"https:\/\/www.cuerosgamero.com\/en\/product\/andy-3\/\" data-quantity=\"1\" class=\"viewcart-style-2 button wp-element-button product_type_variable add_to_cart_button\" data-product_id=\"764\" data-product_sku=\"\" aria-label=\"Select options for \u201cANDY\u201d\" rel=\"nofollow\" data-no-translation=\"\" data-trp-gettext=\"\" data-no-translation-aria-label=\"\">Select options<\/a><div class=\"quickview\" data-id=\"764\" title=\"Quick View\">Quick View<\/div>\t<\/div>\n\t<\/div>\n\t\t<\/div>\n\t\t\t<\/div>\n\n\t<div class=\"product-content\">\n\t\t<span class=\"category-list\"><a href=\"https:\/\/www.cuerosgamero.com\/en\/product-category\/casual\/\" rel=\"tag\">Casual<\/a><\/span>\n\t\t\t<a class=\"product-loop-title\"  href=\"https:\/\/www.cuerosgamero.com\/en\/product\/andy-3\/\">\n\t<h3 class=\"woocommerce-loop-product__title\">ANDY<\/h3>\t<\/a>\n\t\n\t\t\n\t\t\t<\/div>\n<\/div>\n<\/li>\n\n<li class=\"product-col product-onimage3 grid-col-1-4 grid-col-md-1-2 grid-height-1 product type-product post-751 status-publish instock product_cat-sport product_tag-azul product_tag-caballero has-post-thumbnail featured shipping-taxable purchasable product-type-variable\">\n<div class=\"product-inner\">\n\t\n\t<div class=\"product-image\">\n\n\t\t<a  href=\"https:\/\/www.cuerosgamero.com\/en\/product\/ever-c-c-3\/\" aria-label=\"product\">\n\t\t\t<div class=\"inner img-effect\"><img loading=\"lazy\" decoding=\"async\" width=\"1024\" height=\"1024\" src=\"https:\/\/www.cuerosgamero.com\/wp-content\/uploads\/2022\/08\/27a-1024x1024.jpg\" class=\"wp-post-image\" alt=\"\" srcset=\"https:\/\/www.cuerosgamero.com\/wp-content\/uploads\/2022\/08\/27a-1024x1024.jpg 1024w, https:\/\/www.cuerosgamero.com\/wp-content\/uploads\/2022\/08\/27a-768x768.jpg 768w, https:\/\/www.cuerosgamero.com\/wp-content\/uploads\/2022\/08\/27a-640x640.jpg 640w, https:\/\/www.cuerosgamero.com\/wp-content\/uploads\/2022\/08\/27a-400x400.jpg 400w, https:\/\/www.cuerosgamero.com\/wp-content\/uploads\/2022\/08\/27a-600x600.jpg 600w\" sizes=\"auto, (max-width: 1024px) 100vw, 1024px\" \/><img loading=\"lazy\" decoding=\"async\" width=\"1024\" height=\"1024\" src=\"https:\/\/www.cuerosgamero.com\/wp-content\/uploads\/2022\/08\/27b-1024x1024.jpg\" class=\"hover-image\" alt=\"\" srcset=\"https:\/\/www.cuerosgamero.com\/wp-content\/uploads\/2022\/08\/27b-1024x1024.jpg 1024w, https:\/\/www.cuerosgamero.com\/wp-content\/uploads\/2022\/08\/27b-768x768.jpg 768w, https:\/\/www.cuerosgamero.com\/wp-content\/uploads\/2022\/08\/27b-640x640.jpg 640w, https:\/\/www.cuerosgamero.com\/wp-content\/uploads\/2022\/08\/27b-400x400.jpg 400w, https:\/\/www.cuerosgamero.com\/wp-content\/uploads\/2022\/08\/27b-600x600.jpg 600w\" sizes=\"auto, (max-width: 1024px) 100vw, 1024px\" \/><\/div>\t\t<\/a>\n\t\t\t<div class=\"links-on-image\">\n\t\t\t<div class=\"add-links-wrap\">\n\t<div class=\"add-links clearfix\">\n\t\t<a href=\"https:\/\/www.cuerosgamero.com\/en\/product\/ever-c-c-3\/\" data-quantity=\"1\" class=\"viewcart-style-2 button wp-element-button product_type_variable add_to_cart_button\" data-product_id=\"751\" data-product_sku=\"\" aria-label=\"Select options for \u201cEVER C\/C\u201d\" rel=\"nofollow\" data-no-translation=\"\" data-trp-gettext=\"\" data-no-translation-aria-label=\"\">Select options<\/a><div class=\"quickview\" data-id=\"751\" title=\"Quick View\">Quick View<\/div>\t<\/div>\n\t<\/div>\n\t\t<\/div>\n\t\t\t<\/div>\n\n\t<div class=\"product-content\">\n\t\t<span class=\"category-list\"><a href=\"https:\/\/www.cuerosgamero.com\/en\/product-category\/sport\/\" rel=\"tag\">Sport<\/a><\/span>\n\t\t\t<a class=\"product-loop-title\"  href=\"https:\/\/www.cuerosgamero.com\/en\/product\/ever-c-c-3\/\">\n\t<h3 class=\"woocommerce-loop-product__title\">EVER C\/C<\/h3>\t<\/a>\n\t\n\t\t\n\t\t\t<\/div>\n<\/div>\n<\/li>\n\n<li class=\"product-col product-onimage3 grid-col-1-4 grid-col-md-1-2 grid-height-1-2 product type-product post-720 status-publish instock product_cat-casual product_tag-dama product_tag-natural-cider-matizado has-post-thumbnail featured shipping-taxable purchasable product-type-variable\">\n<div class=\"product-inner\">\n\t\n\t<div class=\"product-image\">\n\n\t\t<a  href=\"https:\/\/www.cuerosgamero.com\/en\/product\/chaqueta-c-3-bot\/\" aria-label=\"product\">\n\t\t\t<div class=\"inner img-effect\"><img loading=\"lazy\" decoding=\"async\" width=\"400\" height=\"400\" src=\"https:\/\/www.cuerosgamero.com\/wp-content\/uploads\/2022\/08\/24a-400x400.jpg\" class=\"wp-post-image\" alt=\"\" \/><img loading=\"lazy\" decoding=\"async\" width=\"400\" height=\"400\" src=\"https:\/\/www.cuerosgamero.com\/wp-content\/uploads\/2022\/08\/24b-400x400.jpg\" class=\"hover-image\" alt=\"\" \/><\/div>\t\t<\/a>\n\t\t\t<div class=\"links-on-image\">\n\t\t\t<div class=\"add-links-wrap\">\n\t<div class=\"add-links clearfix\">\n\t\t<a href=\"https:\/\/www.cuerosgamero.com\/en\/product\/chaqueta-c-3-bot\/\" data-quantity=\"1\" class=\"viewcart-style-2 button wp-element-button product_type_variable add_to_cart_button\" data-product_id=\"720\" data-product_sku=\"\" aria-label=\"Select options for \u201cCHAQUETA C\/3 BOT\u201d\" rel=\"nofollow\" data-no-translation=\"\" data-trp-gettext=\"\" data-no-translation-aria-label=\"\">Select options<\/a><div class=\"quickview\" data-id=\"720\" title=\"Quick View\">Quick View<\/div>\t<\/div>\n\t<\/div>\n\t\t<\/div>\n\t\t\t<\/div>\n\n\t<div class=\"product-content\">\n\t\t<span class=\"category-list\"><a href=\"https:\/\/www.cuerosgamero.com\/en\/product-category\/casual\/\" rel=\"tag\">Casual<\/a><\/span>\n\t\t\t<a class=\"product-loop-title\"  href=\"https:\/\/www.cuerosgamero.com\/en\/product\/chaqueta-c-3-bot\/\">\n\t<h3 class=\"woocommerce-loop-product__title\">CHAQUETA C\/3 BOT<\/h3>\t<\/a>\n\t\n\t\t\n\t\t\t<\/div>\n<\/div>\n<\/li>\n\n<li class=\"product-col product-onimage3 grid-col-1-4 grid-col-md-1-2 grid-height-1-2 product type-product post-705 status-publish last instock product_cat-sport product_tag-dama product_tag-rojo-escarlata has-post-thumbnail featured shipping-taxable purchasable product-type-variable\">\n<div class=\"product-inner\">\n\t\n\t<div class=\"product-image\">\n\n\t\t<a  href=\"https:\/\/www.cuerosgamero.com\/en\/product\/metalero-c-r-3\/\" aria-label=\"product\">\n\t\t\t<div class=\"inner img-effect\"><img loading=\"lazy\" decoding=\"async\" width=\"400\" height=\"400\" src=\"https:\/\/www.cuerosgamero.com\/wp-content\/uploads\/2022\/08\/23a-400x400.jpg\" class=\"wp-post-image\" alt=\"\" \/><img loading=\"lazy\" decoding=\"async\" width=\"400\" height=\"400\" src=\"https:\/\/www.cuerosgamero.com\/wp-content\/uploads\/2022\/08\/23b-400x400.jpg\" class=\"hover-image\" alt=\"\" \/><\/div>\t\t<\/a>\n\t\t\t<div class=\"links-on-image\">\n\t\t\t<div class=\"add-links-wrap\">\n\t<div class=\"add-links clearfix\">\n\t\t<a href=\"https:\/\/www.cuerosgamero.com\/en\/product\/metalero-c-r-3\/\" data-quantity=\"1\" class=\"viewcart-style-2 button wp-element-button product_type_variable add_to_cart_button\" data-product_id=\"705\" data-product_sku=\"\" aria-label=\"Select options for \u201cMETALERO C\/R\u201d\" rel=\"nofollow\" data-no-translation=\"\" data-trp-gettext=\"\" data-no-translation-aria-label=\"\">Select options<\/a><div class=\"quickview\" data-id=\"705\" title=\"Quick View\">Quick View<\/div>\t<\/div>\n\t<\/div>\n\t\t<\/div>\n\t\t\t<\/div>\n\n\t<div class=\"product-content\">\n\t\t<span class=\"category-list\"><a href=\"https:\/\/www.cuerosgamero.com\/en\/product-category\/sport\/\" rel=\"tag\">Sport<\/a><\/span>\n\t\t\t<a class=\"product-loop-title\"  href=\"https:\/\/www.cuerosgamero.com\/en\/product\/metalero-c-r-3\/\">\n\t<h3 class=\"woocommerce-loop-product__title\">METALERO C\/R<\/h3>\t<\/a>\n\t\n\t\t\n\t\t\t<\/div>\n<\/div>\n<\/li>\n<li class=\"grid-col-sizer\"><\/li><\/ul>\n<\/div><\/div>\t\t<\/div>\n\t\t\t\t<\/div>\n\t\t\t\t\t<\/div>\r\n\t\t\t\t<\/div>\r\n\t\t\t\t\t\t<\/div>\r\n\t\t\t\t<\/section>\r\n\t\t\t\t\t\t\t<\/div>","protected":false},"excerpt":{"rendered":"<p>Colecci\u00f3n \/ Edici\u00f3n limitada Env\u00edos atodo elPER\u00da Desde S\/ 42000 COMPRAR TODO 100% CUERO PERUANO COMPRAR ESTILOS Cl\u00e1sico 1 product Casual 13 products Elegante 3 products Sport 23 products Productos recomendados Hot Select optionsQuick View Casual ANDY S\/480.00 &ndash; S\/520.00 Hot Select optionsQuick View Sport EVER C\/C S\/450.00 &ndash; S\/520.00 Hot Select optionsQuick View Casual [&hellip;]<\/p>","protected":false},"author":1,"featured_media":0,"parent":0,"menu_order":0,"comment_status":"closed","ping_status":"closed","template":"","meta":{"content-type":"","footnotes":""},"class_list":["post-2","page","type-page","status-publish","hentry"],"_links":{"self":[{"href":"https:\/\/www.cuerosgamero.com\/en\/wp-json\/wp\/v2\/pages\/2","targetHints":{"allow":["GET"]}}],"collection":[{"href":"https:\/\/www.cuerosgamero.com\/en\/wp-json\/wp\/v2\/pages"}],"about":[{"href":"https:\/\/www.cuerosgamero.com\/en\/wp-json\/wp\/v2\/types\/page"}],"author":[{"embeddable":true,"href":"https:\/\/www.cuerosgamero.com\/en\/wp-json\/wp\/v2\/users\/1"}],"replies":[{"embeddable":true,"href":"https:\/\/www.cuerosgamero.com\/en\/wp-json\/wp\/v2\/comments?post=2"}],"version-history":[{"count":70,"href":"https:\/\/www.cuerosgamero.com\/en\/wp-json\/wp\/v2\/pages\/2\/revisions"}],"predecessor-version":[{"id":1035,"href":"https:\/\/www.cuerosgamero.com\/en\/wp-json\/wp\/v2\/pages\/2\/revisions\/1035"}],"wp:attachment":[{"href":"https:\/\/www.cuerosgamero.com\/en\/wp-json\/wp\/v2\/media?parent=2"}],"curies":[{"name":"wp","href":"https:\/\/api.w.org\/{rel}","templated":true}]}}