{"id":792,"date":"2022-08-17T05:22:40","date_gmt":"2022-08-17T05:22:40","guid":{"rendered":"https:\/\/www.cuerosgamero.com\/?post_type=product&#038;p=792"},"modified":"2022-08-17T05:22:40","modified_gmt":"2022-08-17T05:22:40","slug":"ever-c-c-4","status":"publish","type":"product","link":"https:\/\/www.cuerosgamero.com\/en\/product\/ever-c-c-4\/","title":{"rendered":"EVER C\/C"},"content":{"rendered":"<p>Chaqueta de piel Napa Ovino. Destaca por ser fina, suave y tener una textura de rigidez, especialmente para este tipo de modelo con un corte que da simetr\u00eda al cuerpo varonil, costuras externas (acolchado en brazos con 2 tiras de cuero) tambi\u00e9n con 2 cierres met\u00e1licos en bolsillos y mangas.<\/p>","protected":false},"excerpt":{"rendered":"<p>Chaqueta de piel Napa Ovino. Destaca por ser fina, suave y tener una textura de rigidez, especialmente para este tipo de modelo con un corte que da simetr\u00eda al cuerpo varonil, costuras externas (acolchado en brazos con 2 tiras de cuero) tambi\u00e9n con 2 cierres met\u00e1licos en bolsillos y mangas.<\/p>","protected":false},"featured_media":798,"template":"","meta":{"content-type":""},"product_cat":[33],"product_tag":[60,52],"class_list":["post-792","product","type-product","status-publish","has-post-thumbnail","hentry","product_cat-sport","product_tag-azul","product_tag-caballero"],"_links":{"self":[{"href":"https:\/\/www.cuerosgamero.com\/en\/wp-json\/wp\/v2\/product\/792","targetHints":{"allow":["GET"]}}],"collection":[{"href":"https:\/\/www.cuerosgamero.com\/en\/wp-json\/wp\/v2\/product"}],"about":[{"href":"https:\/\/www.cuerosgamero.com\/en\/wp-json\/wp\/v2\/types\/product"}],"wp:featuredmedia":[{"embeddable":true,"href":"https:\/\/www.cuerosgamero.com\/en\/wp-json\/wp\/v2\/media\/798"}],"wp:attachment":[{"href":"https:\/\/www.cuerosgamero.com\/en\/wp-json\/wp\/v2\/media?parent=792"}],"wp:term":[{"taxonomy":"product_cat","embeddable":true,"href":"https:\/\/www.cuerosgamero.com\/en\/wp-json\/wp\/v2\/product_cat?post=792"},{"taxonomy":"product_tag","embeddable":true,"href":"https:\/\/www.cuerosgamero.com\/en\/wp-json\/wp\/v2\/product_tag?post=792"}],"curies":[{"name":"wp","href":"https:\/\/api.w.org\/{rel}","templated":true}]}}